{"id":266,"date":"2020-01-25T17:54:33","date_gmt":"2020-01-25T16:54:33","guid":{"rendered":"http:\/\/ffw-burggrumbach.de\/home\/?page_id=266"},"modified":"2020-07-12T13:17:14","modified_gmt":"2020-07-12T11:17:14","slug":"warnungen","status":"publish","type":"page","link":"https:\/\/ffw-burggrumbach.de\/home\/warnungen\/","title":{"rendered":"Wetterwarnungen"},"content":{"rendered":"\n<h2 class=\"wp-block-heading\">Katastrophen und gro\u00dffl\u00e4chige Lagen<\/h2>\n\n\n\n<p style=\"text-align: justify;\">Bei Katastrophen oder gro\u00dffl\u00e4chigen Gef\u00e4hrdungslagen ist die schnelle Warnung der Bev\u00f6lkerung sowie die Weitergabe von Informationen an die \u00d6ffentlichkeit oftmals ein wesentliches Kriterium, um weitere nachteilige Auswirkungen zu vermeiden. Wenn man sich auf drohende Schadensereignissen durch das rechtzeitige Vorliegen von Informationen vorbereiten kann, ist das zudem ein entscheidender Vorteil. In Bayern wurden deshalb verschiedene Verfahren und Warndienste eingerichtet, die zu einer effektiven Verbreitung von Warnungen und Informationen beitragen.<\/p>\n\n\n\n<h2 class=\"wp-block-heading\">Allgemeine Warnung<\/h2>\n\n\n\n<p style=\"text-align: justify;\">Zur allgemeinen Warnung der Bev\u00f6lkerung greifen die Sicherheits- und Katastrophenschutzbeh\u00f6rden auf folgende Mittel zur\u00fcck:<\/p>\n\n\n\n<ul class=\"wp-block-list\"><li>Amtliche Gefahrendurchsagen und Gefahrenmitteilungen \u00fcber den&nbsp;<a rel=\"noreferrer noopener\" aria-label=\" (\u00f6ffnet in neuem Tab)\" href=\"http:\/\/www.ffw-burggrumbach.de\/home\/sirenensignale\" target=\"_blank\">Rundfunk<\/a><\/li><li><a rel=\"noreferrer noopener\" href=\"http:\/\/www.stmi.bayern.de\/sus\/katastrophenschutz\/warnungundinformation\/sirenenundlautsprecher\/index.php\" target=\"_blank\">Sirenen<\/a>, \u00fcber die auch das Signal &#8222;Rundfunkger\u00e4t einschalten und auf Durchsage achten&#8220; ausgestrahlt werden kann.<\/li><\/ul>\n\n\n\n<p style=\"text-align: justify;\">Die Rundfunkwarnung wird fl\u00e4chendeckend in ganz Bayern genutzt und bietet die M\u00f6glichkeit, nicht nur Gefahren anzuk\u00fcndigen, sondern auch Verhaltensregeln an die Bev\u00f6lkerung weiterzugeben. Daneben werden zur Warnung der Bev\u00f6lkerung teilweise auch Sirenen und Lautsprecherfahrzeuge eingesetzt.<\/p>\n\n\n\n<h2 class=\"wp-block-heading\">Warnung vor Naturgefahren<\/h2>\n\n\n\n<p style=\"text-align: justify;\">Zur Warnung und Information der Bev\u00f6lkerung wurden dar\u00fcber hinaus folgende, auf bestimmte Naturgefahren bezogene Warndienste eingerichtet:<\/p>\n\n\n\n<ul class=\"wp-block-list\"><li><a href=\"https:\/\/www.dwd.de\/DE\/Home\/home_node.html\" target=\"_blank\" rel=\"noreferrer noopener\" aria-label=\" (\u00f6ffnet in neuem Tab)\">Unwetterwarnung<\/a><\/li><li><a rel=\"noreferrer noopener\" href=\"http:\/\/www.stmi.bayern.de\/sus\/katastrophenschutz\/warnungundinformation\/sturmwarndienst\/index.php\" target=\"_blank\">Sturmwarndienst<\/a><\/li><li><a rel=\"noreferrer noopener\" href=\"http:\/\/www.stmi.bayern.de\/sus\/katastrophenschutz\/warnungundinformation\/hochwasserwarndienst\/index.php\" target=\"_blank\">Hochwasserwarndienst<\/a><\/li><li><a rel=\"noreferrer noopener\" href=\"http:\/\/www.stmi.bayern.de\/sus\/katastrophenschutz\/warnungundinformation\/lawinenwarndienst\/index.php\" target=\"_blank\">Lawinenwarndienst<\/a><\/li><\/ul>\n\n\n\n<p><strong>Quelle:&nbsp;<a href=\"https:\/\/www.stmi.bayern.de\/\">www.stmi.bayern.d<\/a><a rel=\"noreferrer noopener\" href=\"http:\/\/www.stmi.bayern.de\/sus\/katastrophenschutz\/warnungundinformation\/index.php\" target=\"_blank\">e<\/a><\/strong><\/p>\n","protected":false},"excerpt":{"rendered":"<p>Katastrophen und gro\u00dffl\u00e4chige Lagen Bei Katastrophen oder gro\u00dffl\u00e4chigen Gef\u00e4hrdungslagen ist die schnelle Warnung der Bev\u00f6lkerung sowie die Weitergabe von Informationen an die \u00d6ffentlichkeit oftmals ein wesentliches Kriterium, um weitere nachteilige Auswirkungen zu vermeiden. Wenn man sich auf drohende Schadensereignissen durch &hellip; <a href=\"https:\/\/ffw-burggrumbach.de\/home\/warnungen\/\">Weiterlesen <span class=\"meta-nav\">&rarr;<\/span><\/a><\/p>\n","protected":false},"author":2,"featured_media":0,"parent":0,"menu_order":0,"comment_status":"closed","ping_status":"closed","template":"","meta":{"footnotes":""},"class_list":["post-266","page","type-page","status-publish","hentry"],"_links":{"self":[{"href":"https:\/\/ffw-burggrumbach.de\/home\/wp-json\/wp\/v2\/pages\/266","targetHints":{"allow":["GET"]}}],"collection":[{"href":"https:\/\/ffw-burggrumbach.de\/home\/wp-json\/wp\/v2\/pages"}],"about":[{"href":"https:\/\/ffw-burggrumbach.de\/home\/wp-json\/wp\/v2\/types\/page"}],"author":[{"embeddable":true,"href":"https:\/\/ffw-burggrumbach.de\/home\/wp-json\/wp\/v2\/users\/2"}],"replies":[{"embeddable":true,"href":"https:\/\/ffw-burggrumbach.de\/home\/wp-json\/wp\/v2\/comments?post=266"}],"version-history":[{"count":10,"href":"https:\/\/ffw-burggrumbach.de\/home\/wp-json\/wp\/v2\/pages\/266\/revisions"}],"predecessor-version":[{"id":637,"href":"https:\/\/ffw-burggrumbach.de\/home\/wp-json\/wp\/v2\/pages\/266\/revisions\/637"}],"wp:attachment":[{"href":"https:\/\/ffw-burggrumbach.de\/home\/wp-json\/wp\/v2\/media?parent=266"}],"curies":[{"name":"wp","href":"https:\/\/api.w.org\/{rel}","templated":true}]}}