{"id":42,"date":"2017-11-12T15:36:16","date_gmt":"2017-11-12T14:36:16","guid":{"rendered":"http:\/\/ffw-burggrumbach.de\/home\/?page_id=42"},"modified":"2020-07-12T13:17:08","modified_gmt":"2020-07-12T11:17:08","slug":"aktive-wehr","status":"publish","type":"page","link":"https:\/\/ffw-burggrumbach.de\/home\/aktive-wehr\/","title":{"rendered":"Aktive Wehr"},"content":{"rendered":"\n<div class=\"wp-block-group\"><div class=\"wp-block-group__inner-container is-layout-flow wp-block-group-is-layout-flow\">\n<div class=\"wp-block-group\"><div class=\"wp-block-group__inner-container is-layout-flow wp-block-group-is-layout-flow\">\n<p style=\"text-align: justify;\">Die Mannschaft der Freiwilligen Feuerwehr Burggrumbach besteht zurzeit aus rund 42 aktiven Mitgliedern, die alle ehrenamtlich (d.h. unentgeltlich) f\u00fcr die B\u00fcrger der Gemeinde Tag und Nacht ihren Dienst tun. <br>Im Falle einer Alarmierung verlassen die Kameraden und Kameradinnen unverz\u00fcglich ihre Arbeitsst\u00e4tten oder Familien, fahren zum Ger\u00e4tehaus und von dort mit den Feuerwehrfahrzeugen zum&nbsp;Einsatzort.&nbsp;<\/p>\n<\/div><\/div>\n<\/div><\/div>\n\n\n\n<p style=\"text-align: justify;\"> Neben der universellen Ausbildung aller Einsatzkr\u00e4fte vertiefen unsere Aktiven ihr Wissen und K\u00f6nnen u.a. noch in den folgenden spezialisierten Bereichen:<\/p>\n\n\n\n<ul class=\"wp-block-list\"><li>Maschinisten mit C1-F\u00fchrerschein oder Feuerwehrf\u00fchrerschein<\/li><li>Erwerben des Feuerwehrf\u00fchrerscheines<\/li><li>Atemschutzger\u00e4tetr\u00e4ger<\/li><li>Ausbildung zum First Responder \/ Erste Hilfe<\/li><li>Absturzsicherung<\/li><li>TETRA-Sprechfunk<\/li><li>Technische Hilfeleistung<\/li><\/ul>\n\n\n\n<p style=\"text-align: justify;\">Die aktive Mannschaft besteht aus 8 Frauen und 34 M\u00e4nnern, alle Altersgruppen von 16 bis 65 sind vertreten, ebenso wie nahezu alle Arten von Berufen (Sch\u00fcler, Auszubildende, Handwerker, Architekten, Ingenieure, Gesch\u00e4ftsf\u00fchrer, Selbstst\u00e4ndige und Angestellte etc.) <br>Der Zusammenhalt in einer Institution wie der Feuerwehr ist ganz entscheidend f\u00fcr den Verlauf von Eins\u00e4tzen. Daher wird auch die Geselligkeit gro\u00dfgeschrieben und gemeinsame Unternehmungen, Veranstaltungen und Ausfl\u00fcge organisiert.<\/p>\n\n\n\n<p style=\"text-align: justify;\">Du m\u00f6chtest mitmachen oder du bist zugezogen und warst vielleicht schon bei einer Feuerwehr, dann melde dich bei uns. Wir freuen uns auf jeden, der Interesse hat.  <\/p>\n\n\n\n<p class=\"has-text-align-left\">Melde dich bei unserem 1.Kdt. Dieter Weisensel <strong>Tel: 0162\/9455232<\/strong> oder unter<br><a href=\"mailto:info@ffw-burggrumbach.de\">info@ffw-burggrumbach.de<\/a><br>Die Aufnahmeantr\u00e4ge findest du <a href=\"https:\/\/ffw-burggrumbach.de\/home\/downloads\/\">hier<\/a>.<br>Die ausgef\u00fcllte Beitrittserkl\u00e4rung kann auch direkt in den Briefkasten der Feuerwehr eingeworfen werden. (<a href=\"https:\/\/ffw-burggrumbach.de\/home\/unser-standort\/\">Unser Standort<\/a>)<\/p>\n","protected":false},"excerpt":{"rendered":"<p>Die Mannschaft der Freiwilligen Feuerwehr Burggrumbach besteht zurzeit aus rund 42 aktiven Mitgliedern, die alle ehrenamtlich (d.h. unentgeltlich) f\u00fcr die B\u00fcrger der Gemeinde Tag und Nacht ihren Dienst tun. Im Falle einer Alarmierung verlassen die Kameraden und Kameradinnen unverz\u00fcglich ihre &hellip; <a href=\"https:\/\/ffw-burggrumbach.de\/home\/aktive-wehr\/\">Weiterlesen <span class=\"meta-nav\">&rarr;<\/span><\/a><\/p>\n","protected":false},"author":1,"featured_media":0,"parent":0,"menu_order":0,"comment_status":"closed","ping_status":"closed","template":"","meta":{"footnotes":""},"class_list":["post-42","page","type-page","status-publish","hentry"],"_links":{"self":[{"href":"https:\/\/ffw-burggrumbach.de\/home\/wp-json\/wp\/v2\/pages\/42","targetHints":{"allow":["GET"]}}],"collection":[{"href":"https:\/\/ffw-burggrumbach.de\/home\/wp-json\/wp\/v2\/pages"}],"about":[{"href":"https:\/\/ffw-burggrumbach.de\/home\/wp-json\/wp\/v2\/types\/page"}],"author":[{"embeddable":true,"href":"https:\/\/ffw-burggrumbach.de\/home\/wp-json\/wp\/v2\/users\/1"}],"replies":[{"embeddable":true,"href":"https:\/\/ffw-burggrumbach.de\/home\/wp-json\/wp\/v2\/comments?post=42"}],"version-history":[{"count":10,"href":"https:\/\/ffw-burggrumbach.de\/home\/wp-json\/wp\/v2\/pages\/42\/revisions"}],"predecessor-version":[{"id":636,"href":"https:\/\/ffw-burggrumbach.de\/home\/wp-json\/wp\/v2\/pages\/42\/revisions\/636"}],"wp:attachment":[{"href":"https:\/\/ffw-burggrumbach.de\/home\/wp-json\/wp\/v2\/media?parent=42"}],"curies":[{"name":"wp","href":"https:\/\/api.w.org\/{rel}","templated":true}]}}